{"id":18256,"date":"2022-08-15T17:20:03","date_gmt":"2022-08-15T17:20:03","guid":{"rendered":"https:\/\/givercorp.com\/?page_id=18256"},"modified":"2022-09-25T21:44:13","modified_gmt":"2022-09-25T21:44:13","slug":"contacto","status":"publish","type":"page","link":"https:\/\/givercorp.com\/index.php\/contacto\/","title":{"rendered":"Contacto"},"content":{"rendered":"\t\t<div data-elementor-type=\"wp-page\" data-elementor-id=\"18256\" class=\"elementor elementor-18256\">\n\t\t\t\t\t\t<section class=\"elementor-section elementor-top-section elementor-element elementor-element-163b921 elementor-section-boxed elementor-section-height-default elementor-section-height-default\" data-id=\"163b921\" data-element_type=\"section\">\n\t\t\t\t\t\t<div class=\"elementor-container elementor-column-gap-default\">\n\t\t\t\t\t<div class=\"elementor-column elementor-col-100 elementor-top-column elementor-element elementor-element-36fc9da\" data-id=\"36fc9da\" data-element_type=\"column\">\n\t\t\t<div class=\"elementor-widget-wrap elementor-element-populated\">\n\t\t\t\t\t\t<div class=\"elementor-element elementor-element-c8c2874 elementor-hidden-mobile elementor-widget elementor-widget-image\" data-id=\"c8c2874\" data-element_type=\"widget\" data-widget_type=\"image.default\">\n\t\t\t\t<div class=\"elementor-widget-container\">\n\t\t\t\t\t\t\t\t\t\t\t\t\t\t\t<img decoding=\"async\" src=\"https:\/\/givercorp.com\/wp-content\/uploads\/2022\/08\/banner-contactanos.jpg\" title=\"banner-contact\u00e1nos\" alt=\"banner-contact\u00e1nos\" loading=\"lazy\" \/>\t\t\t\t\t\t\t\t\t\t\t\t\t\t\t<\/div>\n\t\t\t\t<\/div>\n\t\t\t\t<div class=\"elementor-element elementor-element-5b96374 elementor-hidden-mobile elementor-widget elementor-widget-button\" data-id=\"5b96374\" data-element_type=\"widget\" data-widget_type=\"button.default\">\n\t\t\t\t<div class=\"elementor-widget-container\">\n\t\t\t\t\t\t\t\t\t<div class=\"elementor-button-wrapper\">\n\t\t\t\t\t<a class=\"elementor-button elementor-button-link elementor-size-lg\" href=\"https:\/\/wa.me\/573229020026\">\n\t\t\t\t\t\t<span class=\"elementor-button-content-wrapper\">\n\t\t\t\t\t\t\t\t\t<span class=\"elementor-button-text\">Haz clic aqu\u00ed<\/span>\n\t\t\t\t\t<\/span>\n\t\t\t\t\t<\/a>\n\t\t\t\t<\/div>\n\t\t\t\t\t\t\t\t<\/div>\n\t\t\t\t<\/div>\n\t\t\t\t\t<\/div>\n\t\t<\/div>\n\t\t\t\t\t<\/div>\n\t\t<\/section>\n\t\t\t\t<section class=\"elementor-section elementor-top-section elementor-element elementor-element-a77edea elementor-section-boxed elementor-section-height-default elementor-section-height-default\" data-id=\"a77edea\" data-element_type=\"section\">\n\t\t\t\t\t\t<div class=\"elementor-container elementor-column-gap-default\">\n\t\t\t\t\t<div class=\"elementor-column elementor-col-100 elementor-top-column elementor-element elementor-element-961121e\" data-id=\"961121e\" data-element_type=\"column\">\n\t\t\t<div class=\"elementor-widget-wrap elementor-element-populated\">\n\t\t\t\t\t\t<div class=\"elementor-element elementor-element-7d4b58c elementor-hidden-desktop elementor-hidden-tablet elementor-widget elementor-widget-image\" data-id=\"7d4b58c\" data-element_type=\"widget\" data-widget_type=\"image.default\">\n\t\t\t\t<div class=\"elementor-widget-container\">\n\t\t\t\t\t\t\t\t\t\t\t\t\t\t\t<img fetchpriority=\"high\" decoding=\"async\" width=\"819\" height=\"1024\" src=\"https:\/\/givercorp.com\/wp-content\/uploads\/2022\/09\/contactanos-baner-movil-1-819x1024.jpg\" class=\"attachment-large size-large wp-image-18640\" alt=\"\" srcset=\"https:\/\/givercorp.com\/wp-content\/uploads\/2022\/09\/contactanos-baner-movil-1-819x1024.jpg 819w, https:\/\/givercorp.com\/wp-content\/uploads\/2022\/09\/contactanos-baner-movil-1-600x750.jpg 600w, https:\/\/givercorp.com\/wp-content\/uploads\/2022\/09\/contactanos-baner-movil-1-240x300.jpg 240w, https:\/\/givercorp.com\/wp-content\/uploads\/2022\/09\/contactanos-baner-movil-1-768x960.jpg 768w, https:\/\/givercorp.com\/wp-content\/uploads\/2022\/09\/contactanos-baner-movil-1.jpg 1080w\" sizes=\"(max-width: 819px) 100vw, 819px\" \/>\t\t\t\t\t\t\t\t\t\t\t\t\t\t\t<\/div>\n\t\t\t\t<\/div>\n\t\t\t\t<div class=\"elementor-element elementor-element-32ff159 elementor-hidden-desktop elementor-hidden-tablet elementor-widget elementor-widget-button\" data-id=\"32ff159\" data-element_type=\"widget\" data-widget_type=\"button.default\">\n\t\t\t\t<div class=\"elementor-widget-container\">\n\t\t\t\t\t\t\t\t\t<div class=\"elementor-button-wrapper\">\n\t\t\t\t\t<a class=\"elementor-button elementor-button-link elementor-size-md\" href=\"https:\/\/wa.me\/573229020026\">\n\t\t\t\t\t\t<span class=\"elementor-button-content-wrapper\">\n\t\t\t\t\t\t\t\t\t<span class=\"elementor-button-text\">Haz clic aqu\u00ed<\/span>\n\t\t\t\t\t<\/span>\n\t\t\t\t\t<\/a>\n\t\t\t\t<\/div>\n\t\t\t\t\t\t\t\t<\/div>\n\t\t\t\t<\/div>\n\t\t\t\t\t<\/div>\n\t\t<\/div>\n\t\t\t\t\t<\/div>\n\t\t<\/section>\n\t\t\t\t<section class=\"elementor-section elementor-top-section elementor-element elementor-element-1166dcd elementor-section-boxed elementor-section-height-default elementor-section-height-default\" data-id=\"1166dcd\" data-element_type=\"section\">\n\t\t\t\t\t\t<div class=\"elementor-container elementor-column-gap-default\">\n\t\t\t\t\t<div class=\"elementor-column elementor-col-100 elementor-top-column elementor-element elementor-element-74e5bea\" data-id=\"74e5bea\" data-element_type=\"column\">\n\t\t\t<div class=\"elementor-widget-wrap elementor-element-populated\">\n\t\t\t\t\t\t<div class=\"elementor-element elementor-element-d20503a elementor-hidden-desktop elementor-hidden-tablet elementor-widget elementor-widget-image\" data-id=\"d20503a\" data-element_type=\"widget\" data-widget_type=\"image.default\">\n\t\t\t\t<div class=\"elementor-widget-container\">\n\t\t\t\t\t\t\t\t\t\t\t\t\t\t\t<img decoding=\"async\" width=\"647\" height=\"1024\" src=\"https:\/\/givercorp.com\/wp-content\/uploads\/2022\/09\/nicolas-sobre-nosotros-movil-647x1024.jpg\" class=\"attachment-large size-large wp-image-18607\" alt=\"\" srcset=\"https:\/\/givercorp.com\/wp-content\/uploads\/2022\/09\/nicolas-sobre-nosotros-movil-647x1024.jpg 647w, https:\/\/givercorp.com\/wp-content\/uploads\/2022\/09\/nicolas-sobre-nosotros-movil-600x950.jpg 600w, https:\/\/givercorp.com\/wp-content\/uploads\/2022\/09\/nicolas-sobre-nosotros-movil-189x300.jpg 189w, https:\/\/givercorp.com\/wp-content\/uploads\/2022\/09\/nicolas-sobre-nosotros-movil-768x1216.jpg 768w, https:\/\/givercorp.com\/wp-content\/uploads\/2022\/09\/nicolas-sobre-nosotros-movil-970x1536.jpg 970w, https:\/\/givercorp.com\/wp-content\/uploads\/2022\/09\/nicolas-sobre-nosotros-movil.jpg 1080w\" sizes=\"(max-width: 647px) 100vw, 647px\" \/>\t\t\t\t\t\t\t\t\t\t\t\t\t\t\t<\/div>\n\t\t\t\t<\/div>\n\t\t\t\t\t<\/div>\n\t\t<\/div>\n\t\t\t\t\t<\/div>\n\t\t<\/section>\n\t\t\t\t<section class=\"elementor-section elementor-top-section elementor-element elementor-element-120a2dc elementor-section-boxed elementor-section-height-default elementor-section-height-default\" data-id=\"120a2dc\" data-element_type=\"section\">\n\t\t\t\t\t\t<div class=\"elementor-container elementor-column-gap-default\">\n\t\t\t\t\t<div class=\"elementor-column elementor-col-100 elementor-top-column elementor-element elementor-element-ce94c45\" data-id=\"ce94c45\" data-element_type=\"column\">\n\t\t\t<div class=\"elementor-widget-wrap elementor-element-populated\">\n\t\t\t\t\t\t<div class=\"elementor-element elementor-element-6bf226b elementor-hidden-mobile elementor-widget elementor-widget-image\" data-id=\"6bf226b\" data-element_type=\"widget\" data-widget_type=\"image.default\">\n\t\t\t\t<div class=\"elementor-widget-container\">\n\t\t\t\t\t\t\t\t\t\t\t\t\t\t\t<img decoding=\"async\" src=\"https:\/\/givercorp.com\/wp-content\/uploads\/2022\/08\/fotos-1-scaled.jpg\" title=\"fotos-1\" alt=\"fotos-1\" loading=\"lazy\" \/>\t\t\t\t\t\t\t\t\t\t\t\t\t\t\t<\/div>\n\t\t\t\t<\/div>\n\t\t\t\t<div class=\"elementor-element elementor-element-cd0d68b elementor-hidden-desktop elementor-hidden-tablet elementor-widget elementor-widget-image\" data-id=\"cd0d68b\" data-element_type=\"widget\" data-widget_type=\"image.default\">\n\t\t\t\t<div class=\"elementor-widget-container\">\n\t\t\t\t\t\t\t\t\t\t\t\t\t\t\t<img decoding=\"async\" width=\"647\" height=\"1024\" src=\"https:\/\/givercorp.com\/wp-content\/uploads\/2022\/09\/paula-sobre-nosotros-movil-647x1024.jpg\" class=\"attachment-large size-large wp-image-18608\" alt=\"\" srcset=\"https:\/\/givercorp.com\/wp-content\/uploads\/2022\/09\/paula-sobre-nosotros-movil-647x1024.jpg 647w, https:\/\/givercorp.com\/wp-content\/uploads\/2022\/09\/paula-sobre-nosotros-movil-600x950.jpg 600w, https:\/\/givercorp.com\/wp-content\/uploads\/2022\/09\/paula-sobre-nosotros-movil-189x300.jpg 189w, https:\/\/givercorp.com\/wp-content\/uploads\/2022\/09\/paula-sobre-nosotros-movil-768x1216.jpg 768w, https:\/\/givercorp.com\/wp-content\/uploads\/2022\/09\/paula-sobre-nosotros-movil-970x1536.jpg 970w, https:\/\/givercorp.com\/wp-content\/uploads\/2022\/09\/paula-sobre-nosotros-movil.jpg 1080w\" sizes=\"(max-width: 647px) 100vw, 647px\" \/>\t\t\t\t\t\t\t\t\t\t\t\t\t\t\t<\/div>\n\t\t\t\t<\/div>\n\t\t\t\t<section class=\"elementor-section elementor-inner-section elementor-element elementor-element-6dde0103 elementor-section-content-middle elementor-section-boxed elementor-section-height-default elementor-section-height-default\" data-id=\"6dde0103\" data-element_type=\"section\">\n\t\t\t\t\t\t<div class=\"elementor-container elementor-column-gap-no\">\n\t\t\t\t\t<div class=\"elementor-column elementor-col-33 elementor-inner-column elementor-element elementor-element-3147da04\" data-id=\"3147da04\" data-element_type=\"column\">\n\t\t\t<div class=\"elementor-widget-wrap elementor-element-populated\">\n\t\t\t\t\t\t<div class=\"elementor-element elementor-element-3cf34994 elementor-widget elementor-widget-heading\" data-id=\"3cf34994\" data-element_type=\"widget\" data-widget_type=\"heading.default\">\n\t\t\t\t<div class=\"elementor-widget-container\">\n\t\t\t\t\t<h6 class=\"elementor-heading-title elementor-size-default\">Direcci\u00f3n<\/h6>\t\t\t\t<\/div>\n\t\t\t\t<\/div>\n\t\t\t\t<div class=\"elementor-element elementor-element-65b23718 elementor-widget elementor-widget-text-editor\" data-id=\"65b23718\" data-element_type=\"widget\" data-widget_type=\"text-editor.default\">\n\t\t\t\t<div class=\"elementor-widget-container\">\n\t\t\t\t\t\t\t\t\t<p><span style=\"font-weight: 400;\">&nbsp;Av Calle 13 # 108A &#8211; 85&nbsp;<\/span><span style=\"font-size: 16px; font-weight: 400;\">Zona Franca Bogot\u00e1<\/span><\/p>\t\t\t\t\t\t\t\t<\/div>\n\t\t\t\t<\/div>\n\t\t\t\t\t<\/div>\n\t\t<\/div>\n\t\t\t\t<div class=\"elementor-column elementor-col-33 elementor-inner-column elementor-element elementor-element-67cd94ce\" data-id=\"67cd94ce\" data-element_type=\"column\">\n\t\t\t<div class=\"elementor-widget-wrap elementor-element-populated\">\n\t\t\t\t\t\t<div class=\"elementor-element elementor-element-50c74519 elementor-widget elementor-widget-heading\" data-id=\"50c74519\" data-element_type=\"widget\" data-widget_type=\"heading.default\">\n\t\t\t\t<div class=\"elementor-widget-container\">\n\t\t\t\t\t<h6 class=\"elementor-heading-title elementor-size-default\">Horario de atenci\u00f3n<\/h6>\t\t\t\t<\/div>\n\t\t\t\t<\/div>\n\t\t\t\t<div class=\"elementor-element elementor-element-331a83e2 elementor-widget elementor-widget-text-editor\" data-id=\"331a83e2\" data-element_type=\"widget\" data-widget_type=\"text-editor.default\">\n\t\t\t\t<div class=\"elementor-widget-container\">\n\t\t\t\t\t\t\t\t\t<p>08:30 AM &#8211; 05:30 PM<br \/>Lunes &#8211; Viernes<\/p>\t\t\t\t\t\t\t\t<\/div>\n\t\t\t\t<\/div>\n\t\t\t\t\t<\/div>\n\t\t<\/div>\n\t\t\t\t<div class=\"elementor-column elementor-col-33 elementor-inner-column elementor-element elementor-element-27808ff6\" data-id=\"27808ff6\" data-element_type=\"column\">\n\t\t\t<div class=\"elementor-widget-wrap elementor-element-populated\">\n\t\t\t\t\t\t<div class=\"elementor-element elementor-element-7a14b2fb elementor-widget elementor-widget-heading\" data-id=\"7a14b2fb\" data-element_type=\"widget\" data-widget_type=\"heading.default\">\n\t\t\t\t<div class=\"elementor-widget-container\">\n\t\t\t\t\t<h6 class=\"elementor-heading-title elementor-size-default\">Contacto<\/h6>\t\t\t\t<\/div>\n\t\t\t\t<\/div>\n\t\t\t\t<div class=\"elementor-element elementor-element-3764ce13 elementor-widget elementor-widget-text-editor\" data-id=\"3764ce13\" data-element_type=\"widget\" data-widget_type=\"text-editor.default\">\n\t\t\t\t<div class=\"elementor-widget-container\">\n\t\t\t\t\t\t\t\t\t<p>Telefono: +57 322 902 0026<br \/>Email: operaciones@givercorp.com<\/p>\t\t\t\t\t\t\t\t<\/div>\n\t\t\t\t<\/div>\n\t\t\t\t\t<\/div>\n\t\t<\/div>\n\t\t\t\t\t<\/div>\n\t\t<\/section>\n\t\t\t\t\t<\/div>\n\t\t<\/div>\n\t\t\t\t\t<\/div>\n\t\t<\/section>\n\t\t\t\t<section class=\"elementor-section elementor-top-section elementor-element elementor-element-231a0943 elementor-section-full_width elementor-section-height-default elementor-section-height-default\" data-id=\"231a0943\" data-element_type=\"section\">\n\t\t\t\t\t\t<div class=\"elementor-container elementor-column-gap-no\">\n\t\t\t\t\t<div class=\"elementor-column elementor-col-100 elementor-top-column elementor-element elementor-element-205d5eb6\" data-id=\"205d5eb6\" data-element_type=\"column\">\n\t\t\t<div class=\"elementor-widget-wrap elementor-element-populated\">\n\t\t\t\t\t\t<div class=\"elementor-element elementor-element-2dc477cb elementor-widget elementor-widget-google_maps\" data-id=\"2dc477cb\" data-element_type=\"widget\" data-widget_type=\"google_maps.default\">\n\t\t\t\t<div class=\"elementor-widget-container\">\n\t\t\t\t\t\t\t<div class=\"elementor-custom-embed\">\n\t\t\t<iframe loading=\"lazy\"\n\t\t\t\t\tsrc=\"https:\/\/maps.google.com\/maps?q=zona%20franca%20bogota&#038;t=m&#038;z=18&#038;output=embed&#038;iwloc=near\"\n\t\t\t\t\ttitle=\"zona franca bogota\"\n\t\t\t\t\taria-label=\"zona franca bogota\"\n\t\t\t><\/iframe>\n\t\t<\/div>\n\t\t\t\t\t\t<\/div>\n\t\t\t\t<\/div>\n\t\t\t\t\t<\/div>\n\t\t<\/div>\n\t\t\t\t\t<\/div>\n\t\t<\/section>\n\t\t\t\t<section class=\"elementor-section elementor-top-section elementor-element elementor-element-2aa46c1d elementor-section-boxed elementor-section-height-default elementor-section-height-default\" data-id=\"2aa46c1d\" data-element_type=\"section\" data-settings=\"{&quot;background_background&quot;:&quot;classic&quot;}\">\n\t\t\t\t\t\t<div class=\"elementor-container elementor-column-gap-default\">\n\t\t\t\t\t<div class=\"elementor-column elementor-col-100 elementor-top-column elementor-element elementor-element-7340df8d\" data-id=\"7340df8d\" data-element_type=\"column\">\n\t\t\t<div class=\"elementor-widget-wrap elementor-element-populated\">\n\t\t\t\t\t\t<div class=\"elementor-element elementor-element-44c29f95 elementor-widget elementor-widget-elementskit-heading\" data-id=\"44c29f95\" data-element_type=\"widget\" data-widget_type=\"elementskit-heading.default\">\n\t\t\t\t<div class=\"elementor-widget-container\">\n\t\t\t\t\t<div class=\"ekit-wid-con\" ><div class=\"ekit-heading elementskit-section-title-wraper text_center   ekit_heading_tablet-   ekit_heading_mobile-text_center\"><p class=\"ekit-heading--title elementskit-section-title \">\u00a9 2022  All rights reserved<\/p><\/div><\/div>\t\t\t\t<\/div>\n\t\t\t\t<\/div>\n\t\t\t\t\t<\/div>\n\t\t<\/div>\n\t\t\t\t\t<\/div>\n\t\t<\/section>\n\t\t\t\t<\/div>\n\t\t","protected":false},"excerpt":{"rendered":"<p>Haz clic aqu\u00ed Haz clic aqu\u00ed Direcci\u00f3n &nbsp;Av Calle 13 # 108A &#8211; 85&nbsp;Zona Franca Bogot\u00e1 Horario de atenci\u00f3n 08:30 AM &#8211; 05:30 PMLunes &#8211; Viernes Contacto Telefono: +57 322 [&hellip;]<\/p>\n","protected":false},"author":2,"featured_media":0,"parent":0,"menu_order":0,"comment_status":"closed","ping_status":"closed","template":"","meta":{"inline_featured_image":false,"_uag_custom_page_level_css":"","footnotes":""},"class_list":["post-18256","page","type-page","status-publish","hentry","entry"],"yoast_head":"<!-- This site is optimized with the Yoast SEO plugin v26.3 - https:\/\/yoast.com\/wordpress\/plugins\/seo\/ -->\n<title>Contacto - Giver Corp<\/title>\n<meta name=\"robots\" content=\"index, follow, max-snippet:-1, max-image-preview:large, max-video-preview:-1\" \/>\n<link rel=\"canonical\" href=\"https:\/\/givercorp-com-383715.hostingersite.com\/index.php\/contacto\/\" \/>\n<meta property=\"og:locale\" content=\"es_ES\" \/>\n<meta property=\"og:type\" content=\"article\" \/>\n<meta property=\"og:title\" content=\"Contacto - Giver Corp\" \/>\n<meta property=\"og:description\" content=\"Haz clic aqu\u00ed Haz clic aqu\u00ed Direcci\u00f3n &nbsp;Av Calle 13 # 108A &#8211; 85&nbsp;Zona Franca Bogot\u00e1 Horario de atenci\u00f3n 08:30 AM &#8211; 05:30 PMLunes &#8211; Viernes Contacto Telefono: +57 322 [&hellip;]\" \/>\n<meta property=\"og:url\" content=\"https:\/\/givercorp-com-383715.hostingersite.com\/index.php\/contacto\/\" \/>\n<meta property=\"og:site_name\" content=\"Giver Corp\" \/>\n<meta property=\"article:modified_time\" content=\"2022-09-25T21:44:13+00:00\" \/>\n<meta property=\"og:image\" content=\"https:\/\/givercorp-com-383715.hostingersite.com\/wp-content\/uploads\/2022\/08\/banner-contactanos.jpg\" \/>\n<meta name=\"twitter:card\" content=\"summary_large_image\" \/>\n<meta name=\"twitter:label1\" content=\"Tiempo de lectura\" \/>\n\t<meta name=\"twitter:data1\" content=\"2 minutos\" \/>\n<script type=\"application\/ld+json\" class=\"yoast-schema-graph\">{\"@context\":\"https:\/\/schema.org\",\"@graph\":[{\"@type\":\"WebPage\",\"@id\":\"https:\/\/givercorp-com-383715.hostingersite.com\/index.php\/contacto\/\",\"url\":\"https:\/\/givercorp-com-383715.hostingersite.com\/index.php\/contacto\/\",\"name\":\"Contacto - Giver Corp\",\"isPartOf\":{\"@id\":\"https:\/\/givercorp-com-383715.hostingersite.com\/#website\"},\"primaryImageOfPage\":{\"@id\":\"https:\/\/givercorp-com-383715.hostingersite.com\/index.php\/contacto\/#primaryimage\"},\"image\":{\"@id\":\"https:\/\/givercorp-com-383715.hostingersite.com\/index.php\/contacto\/#primaryimage\"},\"thumbnailUrl\":\"https:\/\/givercorp.com\/wp-content\/uploads\/2022\/08\/banner-contactanos.jpg\",\"datePublished\":\"2022-08-15T17:20:03+00:00\",\"dateModified\":\"2022-09-25T21:44:13+00:00\",\"breadcrumb\":{\"@id\":\"https:\/\/givercorp-com-383715.hostingersite.com\/index.php\/contacto\/#breadcrumb\"},\"inLanguage\":\"es\",\"potentialAction\":[{\"@type\":\"ReadAction\",\"target\":[\"https:\/\/givercorp-com-383715.hostingersite.com\/index.php\/contacto\/\"]}]},{\"@type\":\"ImageObject\",\"inLanguage\":\"es\",\"@id\":\"https:\/\/givercorp-com-383715.hostingersite.com\/index.php\/contacto\/#primaryimage\",\"url\":\"https:\/\/givercorp.com\/wp-content\/uploads\/2022\/08\/banner-contactanos.jpg\",\"contentUrl\":\"https:\/\/givercorp.com\/wp-content\/uploads\/2022\/08\/banner-contactanos.jpg\",\"width\":2079,\"height\":906},{\"@type\":\"BreadcrumbList\",\"@id\":\"https:\/\/givercorp-com-383715.hostingersite.com\/index.php\/contacto\/#breadcrumb\",\"itemListElement\":[{\"@type\":\"ListItem\",\"position\":1,\"name\":\"Home\",\"item\":\"https:\/\/givercorp.com\/\"},{\"@type\":\"ListItem\",\"position\":2,\"name\":\"Contacto\"}]},{\"@type\":\"WebSite\",\"@id\":\"https:\/\/givercorp-com-383715.hostingersite.com\/#website\",\"url\":\"https:\/\/givercorp-com-383715.hostingersite.com\/\",\"name\":\"Giver Corp\",\"description\":\"Agencia de internacionalizaci\u00f3n\",\"publisher\":{\"@id\":\"https:\/\/givercorp-com-383715.hostingersite.com\/#organization\"},\"potentialAction\":[{\"@type\":\"SearchAction\",\"target\":{\"@type\":\"EntryPoint\",\"urlTemplate\":\"https:\/\/givercorp-com-383715.hostingersite.com\/?s={search_term_string}\"},\"query-input\":{\"@type\":\"PropertyValueSpecification\",\"valueRequired\":true,\"valueName\":\"search_term_string\"}}],\"inLanguage\":\"es\"},{\"@type\":\"Organization\",\"@id\":\"https:\/\/givercorp-com-383715.hostingersite.com\/#organization\",\"name\":\"Giver Corp\",\"url\":\"https:\/\/givercorp-com-383715.hostingersite.com\/\",\"logo\":{\"@type\":\"ImageObject\",\"inLanguage\":\"es\",\"@id\":\"https:\/\/givercorp-com-383715.hostingersite.com\/#\/schema\/logo\/image\/\",\"url\":\"https:\/\/givercorp.com\/wp-content\/uploads\/2022\/08\/cropped-logo-giver-color.png\",\"contentUrl\":\"https:\/\/givercorp.com\/wp-content\/uploads\/2022\/08\/cropped-logo-giver-color.png\",\"width\":1920,\"height\":599,\"caption\":\"Giver Corp\"},\"image\":{\"@id\":\"https:\/\/givercorp-com-383715.hostingersite.com\/#\/schema\/logo\/image\/\"}}]}<\/script>\n<!-- \/ Yoast SEO plugin. -->","yoast_head_json":{"title":"Contacto - Giver Corp","robots":{"index":"index","follow":"follow","max-snippet":"max-snippet:-1","max-image-preview":"max-image-preview:large","max-video-preview":"max-video-preview:-1"},"canonical":"https:\/\/givercorp-com-383715.hostingersite.com\/index.php\/contacto\/","og_locale":"es_ES","og_type":"article","og_title":"Contacto - Giver Corp","og_description":"Haz clic aqu\u00ed Haz clic aqu\u00ed Direcci\u00f3n &nbsp;Av Calle 13 # 108A &#8211; 85&nbsp;Zona Franca Bogot\u00e1 Horario de atenci\u00f3n 08:30 AM &#8211; 05:30 PMLunes &#8211; Viernes Contacto Telefono: +57 322 [&hellip;]","og_url":"https:\/\/givercorp-com-383715.hostingersite.com\/index.php\/contacto\/","og_site_name":"Giver Corp","article_modified_time":"2022-09-25T21:44:13+00:00","og_image":[{"url":"https:\/\/givercorp-com-383715.hostingersite.com\/wp-content\/uploads\/2022\/08\/banner-contactanos.jpg","type":"","width":"","height":""}],"twitter_card":"summary_large_image","twitter_misc":{"Tiempo de lectura":"2 minutos"},"schema":{"@context":"https:\/\/schema.org","@graph":[{"@type":"WebPage","@id":"https:\/\/givercorp-com-383715.hostingersite.com\/index.php\/contacto\/","url":"https:\/\/givercorp-com-383715.hostingersite.com\/index.php\/contacto\/","name":"Contacto - Giver Corp","isPartOf":{"@id":"https:\/\/givercorp-com-383715.hostingersite.com\/#website"},"primaryImageOfPage":{"@id":"https:\/\/givercorp-com-383715.hostingersite.com\/index.php\/contacto\/#primaryimage"},"image":{"@id":"https:\/\/givercorp-com-383715.hostingersite.com\/index.php\/contacto\/#primaryimage"},"thumbnailUrl":"https:\/\/givercorp.com\/wp-content\/uploads\/2022\/08\/banner-contactanos.jpg","datePublished":"2022-08-15T17:20:03+00:00","dateModified":"2022-09-25T21:44:13+00:00","breadcrumb":{"@id":"https:\/\/givercorp-com-383715.hostingersite.com\/index.php\/contacto\/#breadcrumb"},"inLanguage":"es","potentialAction":[{"@type":"ReadAction","target":["https:\/\/givercorp-com-383715.hostingersite.com\/index.php\/contacto\/"]}]},{"@type":"ImageObject","inLanguage":"es","@id":"https:\/\/givercorp-com-383715.hostingersite.com\/index.php\/contacto\/#primaryimage","url":"https:\/\/givercorp.com\/wp-content\/uploads\/2022\/08\/banner-contactanos.jpg","contentUrl":"https:\/\/givercorp.com\/wp-content\/uploads\/2022\/08\/banner-contactanos.jpg","width":2079,"height":906},{"@type":"BreadcrumbList","@id":"https:\/\/givercorp-com-383715.hostingersite.com\/index.php\/contacto\/#breadcrumb","itemListElement":[{"@type":"ListItem","position":1,"name":"Home","item":"https:\/\/givercorp.com\/"},{"@type":"ListItem","position":2,"name":"Contacto"}]},{"@type":"WebSite","@id":"https:\/\/givercorp-com-383715.hostingersite.com\/#website","url":"https:\/\/givercorp-com-383715.hostingersite.com\/","name":"Giver Corp","description":"Agencia de internacionalizaci\u00f3n","publisher":{"@id":"https:\/\/givercorp-com-383715.hostingersite.com\/#organization"},"potentialAction":[{"@type":"SearchAction","target":{"@type":"EntryPoint","urlTemplate":"https:\/\/givercorp-com-383715.hostingersite.com\/?s={search_term_string}"},"query-input":{"@type":"PropertyValueSpecification","valueRequired":true,"valueName":"search_term_string"}}],"inLanguage":"es"},{"@type":"Organization","@id":"https:\/\/givercorp-com-383715.hostingersite.com\/#organization","name":"Giver Corp","url":"https:\/\/givercorp-com-383715.hostingersite.com\/","logo":{"@type":"ImageObject","inLanguage":"es","@id":"https:\/\/givercorp-com-383715.hostingersite.com\/#\/schema\/logo\/image\/","url":"https:\/\/givercorp.com\/wp-content\/uploads\/2022\/08\/cropped-logo-giver-color.png","contentUrl":"https:\/\/givercorp.com\/wp-content\/uploads\/2022\/08\/cropped-logo-giver-color.png","width":1920,"height":599,"caption":"Giver Corp"},"image":{"@id":"https:\/\/givercorp-com-383715.hostingersite.com\/#\/schema\/logo\/image\/"}}]}},"uagb_featured_image_src":{"full":false,"thumbnail":false,"medium":false,"medium_large":false,"large":false,"1536x1536":false,"2048x2048":false,"bm-post-thumb":false,"bm-post-medium":false,"ocean-thumb-m":false,"ocean-thumb-ml":false,"ocean-thumb-l":false,"mailpoet_newsletter_max":false},"uagb_author_info":{"display_name":"Nicolas Gutierrez","author_link":"https:\/\/givercorp.com\/index.php\/author\/nico\/"},"uagb_comment_info":0,"uagb_excerpt":"Haz clic aqu\u00ed Haz clic aqu\u00ed Direcci\u00f3n &nbsp;Av Calle 13 # 108A &#8211; 85&nbsp;Zona Franca Bogot\u00e1 Horario de atenci\u00f3n 08:30 AM &#8211; 05:30 PMLunes &#8211; Viernes Contacto Telefono: +57 322 [&hellip;]","_links":{"self":[{"href":"https:\/\/givercorp.com\/index.php\/wp-json\/wp\/v2\/pages\/18256","targetHints":{"allow":["GET"]}}],"collection":[{"href":"https:\/\/givercorp.com\/index.php\/wp-json\/wp\/v2\/pages"}],"about":[{"href":"https:\/\/givercorp.com\/index.php\/wp-json\/wp\/v2\/types\/page"}],"author":[{"embeddable":true,"href":"https:\/\/givercorp.com\/index.php\/wp-json\/wp\/v2\/users\/2"}],"replies":[{"embeddable":true,"href":"https:\/\/givercorp.com\/index.php\/wp-json\/wp\/v2\/comments?post=18256"}],"version-history":[{"count":56,"href":"https:\/\/givercorp.com\/index.php\/wp-json\/wp\/v2\/pages\/18256\/revisions"}],"predecessor-version":[{"id":18655,"href":"https:\/\/givercorp.com\/index.php\/wp-json\/wp\/v2\/pages\/18256\/revisions\/18655"}],"wp:attachment":[{"href":"https:\/\/givercorp.com\/index.php\/wp-json\/wp\/v2\/media?parent=18256"}],"curies":[{"name":"wp","href":"https:\/\/api.w.org\/{rel}","templated":true}]}}