{"id":17461,"date":"2022-04-04T20:25:00","date_gmt":"2022-04-04T20:25:00","guid":{"rendered":"https:\/\/givercorp.com\/?page_id=17461"},"modified":"2022-08-15T00:41:19","modified_gmt":"2022-08-15T00:41:19","slug":"macrorrueda-90-de-procolombia","status":"publish","type":"page","link":"https:\/\/givercorp.com\/index.php\/macrorrueda-90-de-procolombia\/","title":{"rendered":"Macrorrueda 90"},"content":{"rendered":"\t\t<div data-elementor-type=\"wp-page\" data-elementor-id=\"17461\" class=\"elementor elementor-17461\">\n\t\t\t\t\t\t<section class=\"elementor-section elementor-top-section elementor-element elementor-element-13d9676 elementor-section-boxed elementor-section-height-default elementor-section-height-default\" data-id=\"13d9676\" data-element_type=\"section\">\n\t\t\t\t\t\t<div class=\"elementor-container elementor-column-gap-default\">\n\t\t\t\t\t<div class=\"elementor-column elementor-col-100 elementor-top-column elementor-element elementor-element-f18b63f\" data-id=\"f18b63f\" data-element_type=\"column\">\n\t\t\t<div class=\"elementor-widget-wrap elementor-element-populated\">\n\t\t\t\t\t\t<div class=\"elementor-element elementor-element-9f168ef elementor-widget elementor-widget-image\" data-id=\"9f168ef\" data-element_type=\"widget\" data-widget_type=\"image.default\">\n\t\t\t\t<div class=\"elementor-widget-container\">\n\t\t\t\t\t\t\t\t\t\t\t\t\t\t\t<img decoding=\"async\" src=\"https:\/\/givercorp.com\/wp-content\/uploads\/2022\/08\/BLOGGER-PORTADA-1.jpg\" title=\"BLOGGER-PORTADA\" alt=\"BLOGGER-PORTADA\" loading=\"lazy\" \/>\t\t\t\t\t\t\t\t\t\t\t\t\t\t\t<\/div>\n\t\t\t\t<\/div>\n\t\t\t\t\t<\/div>\n\t\t<\/div>\n\t\t\t\t\t<\/div>\n\t\t<\/section>\n\t\t\t\t<section class=\"elementor-section elementor-top-section elementor-element elementor-element-2c791056 elementor-section-full_width elementor-section-content-middle elementor-section-height-default elementor-section-height-default elementor-invisible\" data-id=\"2c791056\" data-element_type=\"section\" data-settings=\"{&quot;background_background&quot;:&quot;classic&quot;,&quot;animation&quot;:&quot;zoomInUp&quot;}\">\n\t\t\t\t\t\t<div class=\"elementor-container elementor-column-gap-no\">\n\t\t\t\t\t<div class=\"elementor-column elementor-col-50 elementor-top-column elementor-element elementor-element-338d11ff\" data-id=\"338d11ff\" data-element_type=\"column\" data-settings=\"{&quot;background_background&quot;:&quot;classic&quot;}\">\n\t\t\t<div class=\"elementor-widget-wrap elementor-element-populated\">\n\t\t\t\t\t<div class=\"elementor-background-overlay\"><\/div>\n\t\t\t\t\t\t<div class=\"elementor-element elementor-element-4d559053 elementor-widget elementor-widget-heading\" data-id=\"4d559053\" data-element_type=\"widget\" data-widget_type=\"heading.default\">\n\t\t\t\t<div class=\"elementor-widget-container\">\n\t\t\t\t\t<h4 class=\"elementor-heading-title elementor-size-default\">Macrorrueda 90 de ProColombia 2022<\/h4>\t\t\t\t<\/div>\n\t\t\t\t<\/div>\n\t\t\t\t\t<\/div>\n\t\t<\/div>\n\t\t\t\t<div class=\"elementor-column elementor-col-50 elementor-top-column elementor-element elementor-element-1aab2dbd\" data-id=\"1aab2dbd\" data-element_type=\"column\">\n\t\t\t<div class=\"elementor-widget-wrap elementor-element-populated\">\n\t\t\t\t\t\t<div class=\"elementor-element elementor-element-2a832188 elementor-invisible elementor-widget elementor-widget-text-editor\" data-id=\"2a832188\" data-element_type=\"widget\" data-settings=\"{&quot;_animation&quot;:&quot;fadeIn&quot;}\" data-widget_type=\"text-editor.default\">\n\t\t\t\t<div class=\"elementor-widget-container\">\n\t\t\t\t\t\t\t\t\t<h1>Macrorrueda 90 de ProColombia<\/h1>\n<p>El pasado viernes finaliz\u00f3 la Macrorrueda 90 de ProColombia, el escenario m\u00e1s grande para los negocios en Colombia facilit\u00f3 el encuentro entre m\u00e1s de 1.000 compradores de todo el mundo y m\u00e1s de 1.700 empresarios Colombianos, abriendo las puertas de la internacionalizaci\u00f3n de productos hechos en Colombia.<\/p>\t\t\t\t\t\t\t\t<\/div>\n\t\t\t\t<\/div>\n\t\t\t\t<div class=\"elementor-element elementor-element-1d6b5084 elementor-invisible elementor-widget elementor-widget-text-editor\" data-id=\"1d6b5084\" data-element_type=\"widget\" data-settings=\"{&quot;_animation&quot;:&quot;fadeIn&quot;}\" data-widget_type=\"text-editor.default\">\n\t\t\t\t<div class=\"elementor-widget-container\">\n\t\t\t\t\t\t\t\t\t<p>Este evento masivo dej\u00f3 negocios por m\u00e1s de US $433 millones, siendo la industria Agro la lider en ventas de las empresas colombianas con US $209 millones.&nbsp;<\/p>\n<blockquote>\n<p><i>\u00abEstamos muy satisfechos con los resultados alcanzados que reglejan el crecimiento y la confianza internacional en Colombia como proveedor de bienes y servicios. Las cifras son contundentes y superan en 84% lo alcanzado en la<\/i> <i>Macrorrueda 85 que se realiz\u00f3 100% en la virtualidad en 2021&#8243;<\/i>&nbsp;<b style=\"font-size: 16px;\">se\u00f1al\u00f3 Flavia Santoro, presidenta de ProColombia<\/b><\/p><\/blockquote>\n<p><span style=\"font-size: 16px;\">Desde <\/span><b style=\"font-size: 16px;\">Giver Corp<\/b><span style=\"font-size: 16px;\"> tuvimos la oportunidad de llevar un<\/span><b style=\"font-size: 16px;\"> <\/b><span style=\"font-size: 16px;\">producto de excelencia exportadora como es el caf\u00e9 especial, a m\u00e1s de 15 compradores internacionales en reuniones de 30 minutos, una experiencia \u00fanica y llena de adrenalina.<\/span><\/p>\n<p>Este es uno de los espacios comerciales m\u00e1s importantes para la apertura de oportunidades internacionales en la industr\u00eda Colombiana. Un gran numero de empresas Colombianas se inscriben cada a\u00f1o, exportadores de la cadena de Sistema de Moda, Industrias 4.0, Agroalimentos, Qu\u00edmicos y ciencias de la vida y Metam\u00e9canica al cierre de negocios internacionales.<\/p>\n<p><br><\/p>\n<p><\/p>\t\t\t\t\t\t\t\t<\/div>\n\t\t\t\t<\/div>\n\t\t\t\t<div class=\"elementor-element elementor-element-f56358 elementor-invisible elementor-widget elementor-widget-text-editor\" data-id=\"f56358\" data-element_type=\"widget\" data-settings=\"{&quot;_animation&quot;:&quot;fadeIn&quot;}\" data-widget_type=\"text-editor.default\">\n\t\t\t\t<div class=\"elementor-widget-container\">\n\t\t\t\t\t\t\t\t\t<blockquote>\n<p>\u00abCuando tienes tan poco tiempo para presentar tu propuesta de valor y convencer a un cliente de otra cultura e incluso otro idioma que tu producto es el mejor, es esencial la claridad, el orden de tu presentaci\u00f3n y el material comercial que dispongas para ello.\u00bb&nbsp;<br><b>Nicol\u00e1s Guti\u00e9rrez, CEO &amp; Co founder de Givercorp&nbsp;<\/b><\/p>\n<\/blockquote>\n<p><b style=\"color: rgb(51, 51, 51); font-size: 23px;\"><i><br><\/i><\/b><\/p><p><b style=\"color: rgb(51, 51, 51); font-size: 23px;\"><i>@nicol\u00e1s-gutierrez<\/i><\/b><br><\/p>\n<p>04 de Abril 2022<\/p>\n<p><br><\/p>\t\t\t\t\t\t\t\t<\/div>\n\t\t\t\t<\/div>\n\t\t\t\t\t<\/div>\n\t\t<\/div>\n\t\t\t\t\t<\/div>\n\t\t<\/section>\n\t\t\t\t<section class=\"elementor-section elementor-top-section elementor-element elementor-element-3abcd8fc elementor-section-content-middle elementor-section-boxed elementor-section-height-default elementor-section-height-default\" data-id=\"3abcd8fc\" data-element_type=\"section\" data-settings=\"{&quot;background_background&quot;:&quot;classic&quot;}\">\n\t\t\t\t\t\t\t<div class=\"elementor-background-overlay\"><\/div>\n\t\t\t\t\t\t\t<div class=\"elementor-container elementor-column-gap-extended\">\n\t\t\t\t\t<div class=\"elementor-column elementor-col-33 elementor-top-column elementor-element elementor-element-67a1385b\" data-id=\"67a1385b\" data-element_type=\"column\">\n\t\t\t<div class=\"elementor-widget-wrap elementor-element-populated\">\n\t\t\t\t\t\t<div class=\"elementor-element elementor-element-4e48c3af elementor-invisible elementor-widget elementor-widget-heading\" data-id=\"4e48c3af\" data-element_type=\"widget\" data-settings=\"{&quot;_animation&quot;:&quot;fadeIn&quot;}\" data-widget_type=\"heading.default\">\n\t\t\t\t<div class=\"elementor-widget-container\">\n\t\t\t\t\t<h1 class=\"elementor-heading-title elementor-size-xl\">contact<\/h1>\t\t\t\t<\/div>\n\t\t\t\t<\/div>\n\t\t\t\t<div class=\"elementor-element elementor-element-67af95ee elementor-widget elementor-widget-text-editor\" data-id=\"67af95ee\" data-element_type=\"widget\" data-widget_type=\"text-editor.default\">\n\t\t\t\t<div class=\"elementor-widget-container\">\n\t\t\t\t\t\t\t\t\t<p>gerencia@givercorp.com<br \/>gerenciacomercial@givercorp.com\u00a0 \u00a0 \u00a0 \u00a0 \u00a0 \u00a0 \u00a0 \u00a0 \u00a0 \u00a0 \u00a0 \u00a0 \u00a0 \u00a0 \u00a0 \u00a0 \u00a0 \u00a0 \u00a0 \u00a0 \u00a0 \u00a0 \u00a0 \u00a0 \u00a0 \u00a0 \u00a0 +57 322 902 0026 +57 319 586 5654<\/p>\t\t\t\t\t\t\t\t<\/div>\n\t\t\t\t<\/div>\n\t\t\t\t\t<\/div>\n\t\t<\/div>\n\t\t\t\t<div class=\"elementor-column elementor-col-33 elementor-top-column elementor-element elementor-element-74dbc04b\" data-id=\"74dbc04b\" data-element_type=\"column\">\n\t\t\t<div class=\"elementor-widget-wrap\">\n\t\t\t\t\t\t\t<\/div>\n\t\t<\/div>\n\t\t\t\t<div class=\"elementor-column elementor-col-33 elementor-top-column elementor-element elementor-element-7bb9efeb\" data-id=\"7bb9efeb\" data-element_type=\"column\">\n\t\t\t<div class=\"elementor-widget-wrap elementor-element-populated\">\n\t\t\t\t\t\t<div class=\"elementor-element elementor-element-4ad8e50 elementor-widget elementor-widget-image\" data-id=\"4ad8e50\" data-element_type=\"widget\" data-widget_type=\"image.default\">\n\t\t\t\t<div class=\"elementor-widget-container\">\n\t\t\t\t\t\t\t\t\t\t\t\t\t\t\t<img fetchpriority=\"high\" decoding=\"async\" width=\"1024\" height=\"576\" src=\"https:\/\/givercorp.com\/wp-content\/uploads\/2022\/03\/logo-blanco-1024x576.png\" class=\"attachment-large size-large wp-image-17295\" alt=\"\" srcset=\"https:\/\/givercorp.com\/wp-content\/uploads\/2022\/03\/logo-blanco-1024x576.png 1024w, https:\/\/givercorp.com\/wp-content\/uploads\/2022\/03\/logo-blanco-300x169.png 300w, https:\/\/givercorp.com\/wp-content\/uploads\/2022\/03\/logo-blanco-768x432.png 768w, https:\/\/givercorp.com\/wp-content\/uploads\/2022\/03\/logo-blanco-1536x864.png 1536w, https:\/\/givercorp.com\/wp-content\/uploads\/2022\/03\/logo-blanco-1320x743.png 1320w, https:\/\/givercorp.com\/wp-content\/uploads\/2022\/03\/logo-blanco.png 1920w\" sizes=\"(max-width: 1024px) 100vw, 1024px\" \/>\t\t\t\t\t\t\t\t\t\t\t\t\t\t\t<\/div>\n\t\t\t\t<\/div>\n\t\t\t\t\t<\/div>\n\t\t<\/div>\n\t\t\t\t\t<\/div>\n\t\t<\/section>\n\t\t\t\t<section class=\"elementor-section elementor-top-section elementor-element elementor-element-1795680b elementor-section-boxed elementor-section-height-default elementor-section-height-default\" data-id=\"1795680b\" data-element_type=\"section\" data-settings=\"{&quot;background_background&quot;:&quot;classic&quot;}\">\n\t\t\t\t\t\t<div class=\"elementor-container elementor-column-gap-default\">\n\t\t\t\t\t<div class=\"elementor-column elementor-col-100 elementor-top-column elementor-element elementor-element-7a6630b\" data-id=\"7a6630b\" data-element_type=\"column\">\n\t\t\t<div class=\"elementor-widget-wrap elementor-element-populated\">\n\t\t\t\t\t\t<div class=\"elementor-element elementor-element-6e8ce067 elementor-widget elementor-widget-elementskit-heading\" data-id=\"6e8ce067\" data-element_type=\"widget\" data-widget_type=\"elementskit-heading.default\">\n\t\t\t\t<div class=\"elementor-widget-container\">\n\t\t\t\t\t<div class=\"ekit-wid-con\" ><div class=\"ekit-heading elementskit-section-title-wraper text_center   ekit_heading_tablet-   ekit_heading_mobile-text_center\"><p class=\"ekit-heading--title elementskit-section-title \">\u00a9 2022  All rights reserved<\/p><\/div><\/div>\t\t\t\t<\/div>\n\t\t\t\t<\/div>\n\t\t\t\t\t<\/div>\n\t\t<\/div>\n\t\t\t\t\t<\/div>\n\t\t<\/section>\n\t\t\t\t<\/div>\n\t\t","protected":false},"excerpt":{"rendered":"<p>Macrorrueda 90 de ProColombia 2022 Macrorrueda 90 de ProColombia El pasado viernes finaliz\u00f3 la Macrorrueda 90 de ProColombia, el escenario m\u00e1s grande para los negocios en Colombia facilit\u00f3 el encuentro [&hellip;]<\/p>\n","protected":false},"author":2,"featured_media":0,"parent":0,"menu_order":0,"comment_status":"closed","ping_status":"closed","template":"","meta":{"inline_featured_image":false,"_uag_custom_page_level_css":"","footnotes":""},"class_list":["post-17461","page","type-page","status-publish","hentry","entry"],"yoast_head":"<!-- This site is optimized with the Yoast SEO plugin v26.3 - https:\/\/yoast.com\/wordpress\/plugins\/seo\/ -->\n<title>Macrorrueda 90 - Giver Corp<\/title>\n<meta name=\"robots\" content=\"index, follow, max-snippet:-1, max-image-preview:large, max-video-preview:-1\" \/>\n<link rel=\"canonical\" href=\"https:\/\/givercorp-com-383715.hostingersite.com\/index.php\/macrorrueda-90-de-procolombia\/\" \/>\n<meta property=\"og:locale\" content=\"es_ES\" \/>\n<meta property=\"og:type\" content=\"article\" \/>\n<meta property=\"og:title\" content=\"Macrorrueda 90 - Giver Corp\" \/>\n<meta property=\"og:description\" content=\"Macrorrueda 90 de ProColombia 2022 Macrorrueda 90 de ProColombia El pasado viernes finaliz\u00f3 la Macrorrueda 90 de ProColombia, el escenario m\u00e1s grande para los negocios en Colombia facilit\u00f3 el encuentro [&hellip;]\" \/>\n<meta property=\"og:url\" content=\"https:\/\/givercorp-com-383715.hostingersite.com\/index.php\/macrorrueda-90-de-procolombia\/\" \/>\n<meta property=\"og:site_name\" content=\"Giver Corp\" \/>\n<meta property=\"article:modified_time\" content=\"2022-08-15T00:41:19+00:00\" \/>\n<meta property=\"og:image\" content=\"https:\/\/givercorp-com-383715.hostingersite.com\/wp-content\/uploads\/2022\/08\/BLOGGER-PORTADA-1.jpg\" \/>\n<meta name=\"twitter:card\" content=\"summary_large_image\" \/>\n<meta name=\"twitter:label1\" content=\"Tiempo de lectura\" \/>\n\t<meta name=\"twitter:data1\" content=\"2 minutos\" \/>\n<script type=\"application\/ld+json\" class=\"yoast-schema-graph\">{\"@context\":\"https:\/\/schema.org\",\"@graph\":[{\"@type\":\"WebPage\",\"@id\":\"https:\/\/givercorp-com-383715.hostingersite.com\/index.php\/macrorrueda-90-de-procolombia\/\",\"url\":\"https:\/\/givercorp-com-383715.hostingersite.com\/index.php\/macrorrueda-90-de-procolombia\/\",\"name\":\"Macrorrueda 90 - Giver Corp\",\"isPartOf\":{\"@id\":\"https:\/\/givercorp-com-383715.hostingersite.com\/#website\"},\"primaryImageOfPage\":{\"@id\":\"https:\/\/givercorp-com-383715.hostingersite.com\/index.php\/macrorrueda-90-de-procolombia\/#primaryimage\"},\"image\":{\"@id\":\"https:\/\/givercorp-com-383715.hostingersite.com\/index.php\/macrorrueda-90-de-procolombia\/#primaryimage\"},\"thumbnailUrl\":\"https:\/\/givercorp.com\/wp-content\/uploads\/2022\/08\/BLOGGER-PORTADA-1.jpg\",\"datePublished\":\"2022-04-04T20:25:00+00:00\",\"dateModified\":\"2022-08-15T00:41:19+00:00\",\"breadcrumb\":{\"@id\":\"https:\/\/givercorp-com-383715.hostingersite.com\/index.php\/macrorrueda-90-de-procolombia\/#breadcrumb\"},\"inLanguage\":\"es\",\"potentialAction\":[{\"@type\":\"ReadAction\",\"target\":[\"https:\/\/givercorp-com-383715.hostingersite.com\/index.php\/macrorrueda-90-de-procolombia\/\"]}]},{\"@type\":\"ImageObject\",\"inLanguage\":\"es\",\"@id\":\"https:\/\/givercorp-com-383715.hostingersite.com\/index.php\/macrorrueda-90-de-procolombia\/#primaryimage\",\"url\":\"https:\/\/givercorp.com\/wp-content\/uploads\/2022\/08\/BLOGGER-PORTADA-1.jpg\",\"contentUrl\":\"https:\/\/givercorp.com\/wp-content\/uploads\/2022\/08\/BLOGGER-PORTADA-1.jpg\",\"width\":2079,\"height\":906},{\"@type\":\"BreadcrumbList\",\"@id\":\"https:\/\/givercorp-com-383715.hostingersite.com\/index.php\/macrorrueda-90-de-procolombia\/#breadcrumb\",\"itemListElement\":[{\"@type\":\"ListItem\",\"position\":1,\"name\":\"Home\",\"item\":\"https:\/\/givercorp.com\/\"},{\"@type\":\"ListItem\",\"position\":2,\"name\":\"Macrorrueda 90\"}]},{\"@type\":\"WebSite\",\"@id\":\"https:\/\/givercorp-com-383715.hostingersite.com\/#website\",\"url\":\"https:\/\/givercorp-com-383715.hostingersite.com\/\",\"name\":\"Giver Corp\",\"description\":\"Agencia de internacionalizaci\u00f3n\",\"publisher\":{\"@id\":\"https:\/\/givercorp-com-383715.hostingersite.com\/#organization\"},\"potentialAction\":[{\"@type\":\"SearchAction\",\"target\":{\"@type\":\"EntryPoint\",\"urlTemplate\":\"https:\/\/givercorp-com-383715.hostingersite.com\/?s={search_term_string}\"},\"query-input\":{\"@type\":\"PropertyValueSpecification\",\"valueRequired\":true,\"valueName\":\"search_term_string\"}}],\"inLanguage\":\"es\"},{\"@type\":\"Organization\",\"@id\":\"https:\/\/givercorp-com-383715.hostingersite.com\/#organization\",\"name\":\"Giver Corp\",\"url\":\"https:\/\/givercorp-com-383715.hostingersite.com\/\",\"logo\":{\"@type\":\"ImageObject\",\"inLanguage\":\"es\",\"@id\":\"https:\/\/givercorp-com-383715.hostingersite.com\/#\/schema\/logo\/image\/\",\"url\":\"https:\/\/givercorp.com\/wp-content\/uploads\/2022\/08\/cropped-logo-giver-color.png\",\"contentUrl\":\"https:\/\/givercorp.com\/wp-content\/uploads\/2022\/08\/cropped-logo-giver-color.png\",\"width\":1920,\"height\":599,\"caption\":\"Giver Corp\"},\"image\":{\"@id\":\"https:\/\/givercorp-com-383715.hostingersite.com\/#\/schema\/logo\/image\/\"}}]}<\/script>\n<!-- \/ Yoast SEO plugin. -->","yoast_head_json":{"title":"Macrorrueda 90 - Giver Corp","robots":{"index":"index","follow":"follow","max-snippet":"max-snippet:-1","max-image-preview":"max-image-preview:large","max-video-preview":"max-video-preview:-1"},"canonical":"https:\/\/givercorp-com-383715.hostingersite.com\/index.php\/macrorrueda-90-de-procolombia\/","og_locale":"es_ES","og_type":"article","og_title":"Macrorrueda 90 - Giver Corp","og_description":"Macrorrueda 90 de ProColombia 2022 Macrorrueda 90 de ProColombia El pasado viernes finaliz\u00f3 la Macrorrueda 90 de ProColombia, el escenario m\u00e1s grande para los negocios en Colombia facilit\u00f3 el encuentro [&hellip;]","og_url":"https:\/\/givercorp-com-383715.hostingersite.com\/index.php\/macrorrueda-90-de-procolombia\/","og_site_name":"Giver Corp","article_modified_time":"2022-08-15T00:41:19+00:00","og_image":[{"url":"https:\/\/givercorp-com-383715.hostingersite.com\/wp-content\/uploads\/2022\/08\/BLOGGER-PORTADA-1.jpg","type":"","width":"","height":""}],"twitter_card":"summary_large_image","twitter_misc":{"Tiempo de lectura":"2 minutos"},"schema":{"@context":"https:\/\/schema.org","@graph":[{"@type":"WebPage","@id":"https:\/\/givercorp-com-383715.hostingersite.com\/index.php\/macrorrueda-90-de-procolombia\/","url":"https:\/\/givercorp-com-383715.hostingersite.com\/index.php\/macrorrueda-90-de-procolombia\/","name":"Macrorrueda 90 - Giver Corp","isPartOf":{"@id":"https:\/\/givercorp-com-383715.hostingersite.com\/#website"},"primaryImageOfPage":{"@id":"https:\/\/givercorp-com-383715.hostingersite.com\/index.php\/macrorrueda-90-de-procolombia\/#primaryimage"},"image":{"@id":"https:\/\/givercorp-com-383715.hostingersite.com\/index.php\/macrorrueda-90-de-procolombia\/#primaryimage"},"thumbnailUrl":"https:\/\/givercorp.com\/wp-content\/uploads\/2022\/08\/BLOGGER-PORTADA-1.jpg","datePublished":"2022-04-04T20:25:00+00:00","dateModified":"2022-08-15T00:41:19+00:00","breadcrumb":{"@id":"https:\/\/givercorp-com-383715.hostingersite.com\/index.php\/macrorrueda-90-de-procolombia\/#breadcrumb"},"inLanguage":"es","potentialAction":[{"@type":"ReadAction","target":["https:\/\/givercorp-com-383715.hostingersite.com\/index.php\/macrorrueda-90-de-procolombia\/"]}]},{"@type":"ImageObject","inLanguage":"es","@id":"https:\/\/givercorp-com-383715.hostingersite.com\/index.php\/macrorrueda-90-de-procolombia\/#primaryimage","url":"https:\/\/givercorp.com\/wp-content\/uploads\/2022\/08\/BLOGGER-PORTADA-1.jpg","contentUrl":"https:\/\/givercorp.com\/wp-content\/uploads\/2022\/08\/BLOGGER-PORTADA-1.jpg","width":2079,"height":906},{"@type":"BreadcrumbList","@id":"https:\/\/givercorp-com-383715.hostingersite.com\/index.php\/macrorrueda-90-de-procolombia\/#breadcrumb","itemListElement":[{"@type":"ListItem","position":1,"name":"Home","item":"https:\/\/givercorp.com\/"},{"@type":"ListItem","position":2,"name":"Macrorrueda 90"}]},{"@type":"WebSite","@id":"https:\/\/givercorp-com-383715.hostingersite.com\/#website","url":"https:\/\/givercorp-com-383715.hostingersite.com\/","name":"Giver Corp","description":"Agencia de internacionalizaci\u00f3n","publisher":{"@id":"https:\/\/givercorp-com-383715.hostingersite.com\/#organization"},"potentialAction":[{"@type":"SearchAction","target":{"@type":"EntryPoint","urlTemplate":"https:\/\/givercorp-com-383715.hostingersite.com\/?s={search_term_string}"},"query-input":{"@type":"PropertyValueSpecification","valueRequired":true,"valueName":"search_term_string"}}],"inLanguage":"es"},{"@type":"Organization","@id":"https:\/\/givercorp-com-383715.hostingersite.com\/#organization","name":"Giver Corp","url":"https:\/\/givercorp-com-383715.hostingersite.com\/","logo":{"@type":"ImageObject","inLanguage":"es","@id":"https:\/\/givercorp-com-383715.hostingersite.com\/#\/schema\/logo\/image\/","url":"https:\/\/givercorp.com\/wp-content\/uploads\/2022\/08\/cropped-logo-giver-color.png","contentUrl":"https:\/\/givercorp.com\/wp-content\/uploads\/2022\/08\/cropped-logo-giver-color.png","width":1920,"height":599,"caption":"Giver Corp"},"image":{"@id":"https:\/\/givercorp-com-383715.hostingersite.com\/#\/schema\/logo\/image\/"}}]}},"uagb_featured_image_src":{"full":false,"thumbnail":false,"medium":false,"medium_large":false,"large":false,"1536x1536":false,"2048x2048":false,"bm-post-thumb":false,"bm-post-medium":false,"ocean-thumb-m":false,"ocean-thumb-ml":false,"ocean-thumb-l":false,"mailpoet_newsletter_max":false},"uagb_author_info":{"display_name":"Nicolas Gutierrez","author_link":"https:\/\/givercorp.com\/index.php\/author\/nico\/"},"uagb_comment_info":0,"uagb_excerpt":"Macrorrueda 90 de ProColombia 2022 Macrorrueda 90 de ProColombia El pasado viernes finaliz\u00f3 la Macrorrueda 90 de ProColombia, el escenario m\u00e1s grande para los negocios en Colombia facilit\u00f3 el encuentro [&hellip;]","_links":{"self":[{"href":"https:\/\/givercorp.com\/index.php\/wp-json\/wp\/v2\/pages\/17461","targetHints":{"allow":["GET"]}}],"collection":[{"href":"https:\/\/givercorp.com\/index.php\/wp-json\/wp\/v2\/pages"}],"about":[{"href":"https:\/\/givercorp.com\/index.php\/wp-json\/wp\/v2\/types\/page"}],"author":[{"embeddable":true,"href":"https:\/\/givercorp.com\/index.php\/wp-json\/wp\/v2\/users\/2"}],"replies":[{"embeddable":true,"href":"https:\/\/givercorp.com\/index.php\/wp-json\/wp\/v2\/comments?post=17461"}],"version-history":[{"count":77,"href":"https:\/\/givercorp.com\/index.php\/wp-json\/wp\/v2\/pages\/17461\/revisions"}],"predecessor-version":[{"id":18069,"href":"https:\/\/givercorp.com\/index.php\/wp-json\/wp\/v2\/pages\/17461\/revisions\/18069"}],"wp:attachment":[{"href":"https:\/\/givercorp.com\/index.php\/wp-json\/wp\/v2\/media?parent=17461"}],"curies":[{"name":"wp","href":"https:\/\/api.w.org\/{rel}","templated":true}]}}